{"id":6970,"date":"2018-10-24T19:26:55","date_gmt":"2018-10-24T18:26:55","guid":{"rendered":"https:\/\/todoinvitacion.com\/blog\/?page_id=6970"},"modified":"2019-02-04T21:05:23","modified_gmt":"2019-02-04T20:05:23","slug":"privacidad-de-tus-datos","status":"publish","type":"page","link":"https:\/\/www.todoinvitacion.com\/blog\/privacidad-de-tus-datos\/","title":{"rendered":"PRIVACIDAD DE TUS DATOS"},"content":{"rendered":"<div class=\"policy-text\">\n<div class=\"wp-suggested-text hide-privacy-policy-tutorial\">\n<h2>Qui\u00e9nes somos<\/h2>\n<p>Todoinvitaci\u00f3n es un estudio creativo de dise\u00f1os para eventos, afincados en Valladolid, Espa\u00f1a. Todos nuestros productos son dise\u00f1os propios y por lo tanto \u00fanicos.<\/p>\n<p>La direcci\u00f3n de nuestra web es: https:\/\/www.todoinvitacion.com.<\/p>\n<h2>Qu\u00e9 datos personales recogemos y por qu\u00e9 los recogemos<\/h2>\n<h3>Datos privados de nuestros usuarios<\/h3>\n<p>Esta web almacena \u00fanicamente tus datos de facturaci\u00f3n y envio cuando realizas un pedido y previo consentimiento se almacena un a\u00f1o y tan solo por si deseas recuperar ese pedido en ese tiempo.<br \/>\nEn nuestra web no es necesario registrase para comprar, no existen cuentas de usuario, no existe opci\u00f3n de registro, no est\u00e1n activados los comentarios, solo requerimos datos del cliente al hacer una comprar con el \u00fanico fin de llevar la compra acabo o en los formularios de \u00abmuestra gratuita\u00bb o \u00abcontacto\u00bb con \u00fanico fin de responder a la consulta o enviar la muestra. <strong>Nuestra web posee certificado de cifrado de seguridad SSL<\/strong> para mayor protecci\u00f3n de cualquier dato introducido en nuestros formularios. El almacenamiento de estos datos se realiza dentro de la uni\u00f3n europea y a trav\u00e9s el servicio de la empresa hosting 1&amp;1, ubicado en Alemania.<\/p>\n<h3>Medios y fotos<\/h3>\n<p>Las im\u00e1genes enviadas por los usuarios son utilizadas exclusivamente para el fin que fueron mandadas, esto es para realizar el pedido o el dise\u00f1o encargado o responder a la consulta requerida. \u00fanica exclusivamente para ello. Son borradas despu\u00e9s.<\/p>\n<h3>Cookies<\/h3>\n<p>Si realizas un pedido o rellenas el formulario de contacto o muestra gratuita, los datos que rellenes se guardaran en cookies en tu navegador. Esto es para tu comodidad, para que no tengas que volver a rellenar tus datos cuando desees volver a rellenar cualquiera de los formularios. Estas cookies tendr\u00e1n una duraci\u00f3n de un a\u00f1o. Asimismo se instalan cookies en tu navegador cuando guardas alg\u00fan articulo o producto en \u00ablista de seseos\u00bb con el fin de facilitarte la b\u00fasqueda cuando vuelvas a la web. Los cookies instalados guardaran la informaci\u00f3n de los productos que elegiste y al pulsar en \u00abmi lista de deseos\u00bb los volver\u00e1s a ver. Todos estos cookies tiene una duraci\u00f3n de un a\u00f1o.<\/p>\n<h3>Contenido incrustado de otros sitios web<\/h3>\n<p>Los art\u00edculos de este sitio pueden incluir contenido incrustado (por ejemplo, v\u00eddeos, im\u00e1genes, art\u00edculos, etc.). El contenido incrustado de otras web se comporta exactamente de la misma manera que si el visitante hubiera visitado la otra web.<\/p>\n<p>Estas web pueden recopilar datos sobre ti, utilizar cookies, incrustar un seguimiento adicional de terceros, y supervisar tu interacci\u00f3n con ese contenido incrustado, incluido el seguimiento de su interacci\u00f3n con el contenido incrustado si tienes una cuenta y est\u00e1s conectado a esa web.<\/p>\n<h3>Anal\u00edtica de google<\/h3>\n<p>Al visitar esta web como cualquier otra, los robots de anal\u00edticas instalados registran tu IP y el medio desde el que entras (smarphone, ordenador, tipo de navegador etc ..) con el fin de realizar estad\u00edsticas posteriores.<\/p>\n<h2>Con qui\u00e9n compartimos tus datos<\/h2>\n<p><strong>Con nadie<\/strong>. Los datos se almacenan unicamente con el fin de realizar tu pedido y cumplimentar tu factura. Nada m\u00e1s. Nunca te mandaremos mailing ni ning\u00fan tipo de fidelizacion.<br \/>\nLos datos solo son recogidos con el fin de llevar a cabo la compra puntual o la consulta solicitado y usados unicamente para ese fin. Una vez realizada la compra o contestada la consulta los datos son almacenados temporalmente con el fin de continuar el seguimiento l\u00f3gico de la consulta o env\u00edo y archivados despu\u00e9s. No realizamos mailing.<\/p>\n<h2>Cu\u00e1nto tiempo conservamos tus datos<\/h2>\n<p>Tus datos si has realizado un pedido se conservan durante un periodo m\u00e1ximo de 2 a\u00f1os con el fin de facilitar nuevas compras o consultas posteriores. si has realizado una consulta se conservan 6 meses, si has solicitado una muestra se conservan 6 meses.<\/p>\n<h2>Qu\u00e9 derechos tienes sobre tus datos<\/h2>\n<p>Puedes solicitar que eliminemos cualquier dato personal que tengamos sobre ti. Esto no incluye ning\u00fan dato que estemos obligados a conservar con fines administrativos, legales o de seguridad. Por ejemplo de facturaci\u00f3n.<\/p>\n<h2>Tu informaci\u00f3n de contacto<\/h2>\n<p>Se recibe en nuestras oficinas, no se almacena online. Se utiliza con el \u00fanico fin de llevar a cabo la compra o consulta despu\u00e9s se elimina.<\/p>\n<h2>Informaci\u00f3n adicional<\/h2>\n<h3>C\u00f3mo protegemos tus datos<\/h3>\n<p>La web posee certificado cifrado SSl, es una web segura para el env\u00edo de datos. Los datos se almacenan en el servidor 1and1 en Alemania, servidor en Europa que cumple la normativa europea de seguridad y custodia de datos.<\/p>\n<\/div>\n<\/div>\n","protected":false},"excerpt":{"rendered":"<p>Qui\u00e9nes somos Todoinvitaci\u00f3n es un estudio creativo de dise\u00f1os para eventos, afincados en Valladolid, Espa\u00f1a. Todos nuestros productos son dise\u00f1os propios y por lo tanto \u00fanicos. La direcci\u00f3n de nuestra web es: https:\/\/www.todoinvitacion.com. Qu\u00e9 datos personales recogemos y por qu\u00e9 los recogemos Datos privados de nuestros usuarios Esta web almacena \u00fanicamente tus datos de facturaci\u00f3n &hellip; <a href=\"https:\/\/www.todoinvitacion.com\/blog\/privacidad-de-tus-datos\/\" class=\"more-link\">Continue reading <span class=\"screen-reader-text\">PRIVACIDAD DE TUS DATOS<\/span><\/a><\/p>\n","protected":false},"author":17,"featured_media":0,"parent":0,"menu_order":0,"comment_status":"closed","ping_status":"closed","template":"","meta":{"om_disable_all_campaigns":false,"_monsterinsights_skip_tracking":false,"_monsterinsights_sitenote_active":false,"_monsterinsights_sitenote_note":"","_monsterinsights_sitenote_category":0,"footnotes":""},"class_list":["post-6970","page","type-page","status-publish","hentry"],"yoast_head":"<!-- This site is optimized with the Yoast SEO plugin v27.4 - https:\/\/yoast.com\/product\/yoast-seo-wordpress\/ -->\n<title>PRIVACIDAD DE TUS DATOS - invitaciones y detalles originales<\/title>\n<meta name=\"description\" content=\"En invitaciones y detalles originales puedes informarte en nuestra p\u00e1gina PRIVACIDAD DE TUS DATOS sobre todo lo que necesites saber para adquirir tu invitaci\u00f3n o detalle para eventos.\" \/>\n<meta name=\"robots\" content=\"noindex, follow\" \/>\n<meta property=\"og:locale\" content=\"es_ES\" \/>\n<meta property=\"og:type\" content=\"article\" \/>\n<meta property=\"og:title\" content=\"PRIVACIDAD DE TUS DATOS - invitaciones y detalles originales\" \/>\n<meta property=\"og:description\" content=\"En invitaciones y detalles originales puedes informarte en nuestra p\u00e1gina PRIVACIDAD DE TUS DATOS sobre todo lo que necesites saber para adquirir tu invitaci\u00f3n o detalle para eventos.\" \/>\n<meta property=\"og:url\" content=\"https:\/\/www.todoinvitacion.com\/blog\/privacidad-de-tus-datos\/\" \/>\n<meta property=\"og:site_name\" content=\"invitaciones y detalles originales\" \/>\n<meta property=\"article:publisher\" content=\"https:\/\/www.facebook.com\/todoinvitacion\" \/>\n<meta property=\"article:modified_time\" content=\"2019-02-04T20:05:23+00:00\" \/>\n<meta name=\"twitter:card\" content=\"summary_large_image\" \/>\n<meta name=\"twitter:site\" content=\"@todoinvitacion\" \/>\n<meta name=\"twitter:label1\" content=\"Tiempo de lectura\" \/>\n\t<meta name=\"twitter:data1\" content=\"4 minutos\" \/>\n<script type=\"application\/ld+json\" class=\"yoast-schema-graph\">{\"@context\":\"https:\\\/\\\/schema.org\",\"@graph\":[{\"@type\":\"WebPage\",\"@id\":\"https:\\\/\\\/www.todoinvitacion.com\\\/blog\\\/privacidad-de-tus-datos\\\/\",\"url\":\"https:\\\/\\\/www.todoinvitacion.com\\\/blog\\\/privacidad-de-tus-datos\\\/\",\"name\":\"PRIVACIDAD DE TUS DATOS - invitaciones y detalles originales\",\"isPartOf\":{\"@id\":\"https:\\\/\\\/www.todoinvitacion.com\\\/blog\\\/#website\"},\"datePublished\":\"2018-10-24T18:26:55+00:00\",\"dateModified\":\"2019-02-04T20:05:23+00:00\",\"description\":\"En invitaciones y detalles originales puedes informarte en nuestra p\u00e1gina PRIVACIDAD DE TUS DATOS sobre todo lo que necesites saber para adquirir tu invitaci\u00f3n o detalle para eventos.\",\"breadcrumb\":{\"@id\":\"https:\\\/\\\/www.todoinvitacion.com\\\/blog\\\/privacidad-de-tus-datos\\\/#breadcrumb\"},\"inLanguage\":\"es\",\"potentialAction\":[{\"@type\":\"ReadAction\",\"target\":[\"https:\\\/\\\/www.todoinvitacion.com\\\/blog\\\/privacidad-de-tus-datos\\\/\"]}]},{\"@type\":\"BreadcrumbList\",\"@id\":\"https:\\\/\\\/www.todoinvitacion.com\\\/blog\\\/privacidad-de-tus-datos\\\/#breadcrumb\",\"itemListElement\":[{\"@type\":\"ListItem\",\"position\":1,\"name\":\"Portada\",\"item\":\"https:\\\/\\\/www.todoinvitacion.com\\\/blog\\\/\"},{\"@type\":\"ListItem\",\"position\":2,\"name\":\"PRIVACIDAD DE TUS DATOS\"}]},{\"@type\":\"WebSite\",\"@id\":\"https:\\\/\\\/www.todoinvitacion.com\\\/blog\\\/#website\",\"url\":\"https:\\\/\\\/www.todoinvitacion.com\\\/blog\\\/\",\"name\":\"invitaciones y detalles originales\",\"description\":\"invitaciones y detalles originales y unicos\",\"publisher\":{\"@id\":\"https:\\\/\\\/www.todoinvitacion.com\\\/blog\\\/#organization\"},\"potentialAction\":[{\"@type\":\"SearchAction\",\"target\":{\"@type\":\"EntryPoint\",\"urlTemplate\":\"https:\\\/\\\/www.todoinvitacion.com\\\/blog\\\/?s={search_term_string}\"},\"query-input\":{\"@type\":\"PropertyValueSpecification\",\"valueRequired\":true,\"valueName\":\"search_term_string\"}}],\"inLanguage\":\"es\"},{\"@type\":\"Organization\",\"@id\":\"https:\\\/\\\/www.todoinvitacion.com\\\/blog\\\/#organization\",\"name\":\"todoinvitacion\",\"url\":\"https:\\\/\\\/www.todoinvitacion.com\\\/blog\\\/\",\"logo\":{\"@type\":\"ImageObject\",\"inLanguage\":\"es\",\"@id\":\"https:\\\/\\\/www.todoinvitacion.com\\\/blog\\\/#\\\/schema\\\/logo\\\/image\\\/\",\"url\":\"https:\\\/\\\/www.todoinvitacion.com\\\/blog\\\/wp-content\\\/uploads\\\/2018\\\/11\\\/logo20.png\",\"contentUrl\":\"https:\\\/\\\/www.todoinvitacion.com\\\/blog\\\/wp-content\\\/uploads\\\/2018\\\/11\\\/logo20.png\",\"width\":550,\"height\":126,\"caption\":\"todoinvitacion\"},\"image\":{\"@id\":\"https:\\\/\\\/www.todoinvitacion.com\\\/blog\\\/#\\\/schema\\\/logo\\\/image\\\/\"},\"sameAs\":[\"https:\\\/\\\/www.facebook.com\\\/todoinvitacion\",\"https:\\\/\\\/x.com\\\/todoinvitacion\",\"https:\\\/\\\/es.pinterest.com\\\/todoinvitacion\\\/\"]}]}<\/script>\n<!-- \/ Yoast SEO plugin. -->","yoast_head_json":{"title":"PRIVACIDAD DE TUS DATOS - invitaciones y detalles originales","description":"En invitaciones y detalles originales puedes informarte en nuestra p\u00e1gina PRIVACIDAD DE TUS DATOS sobre todo lo que necesites saber para adquirir tu invitaci\u00f3n o detalle para eventos.","robots":{"index":"noindex","follow":"follow"},"og_locale":"es_ES","og_type":"article","og_title":"PRIVACIDAD DE TUS DATOS - invitaciones y detalles originales","og_description":"En invitaciones y detalles originales puedes informarte en nuestra p\u00e1gina PRIVACIDAD DE TUS DATOS sobre todo lo que necesites saber para adquirir tu invitaci\u00f3n o detalle para eventos.","og_url":"https:\/\/www.todoinvitacion.com\/blog\/privacidad-de-tus-datos\/","og_site_name":"invitaciones y detalles originales","article_publisher":"https:\/\/www.facebook.com\/todoinvitacion","article_modified_time":"2019-02-04T20:05:23+00:00","twitter_card":"summary_large_image","twitter_site":"@todoinvitacion","twitter_misc":{"Tiempo de lectura":"4 minutos"},"schema":{"@context":"https:\/\/schema.org","@graph":[{"@type":"WebPage","@id":"https:\/\/www.todoinvitacion.com\/blog\/privacidad-de-tus-datos\/","url":"https:\/\/www.todoinvitacion.com\/blog\/privacidad-de-tus-datos\/","name":"PRIVACIDAD DE TUS DATOS - invitaciones y detalles originales","isPartOf":{"@id":"https:\/\/www.todoinvitacion.com\/blog\/#website"},"datePublished":"2018-10-24T18:26:55+00:00","dateModified":"2019-02-04T20:05:23+00:00","description":"En invitaciones y detalles originales puedes informarte en nuestra p\u00e1gina PRIVACIDAD DE TUS DATOS sobre todo lo que necesites saber para adquirir tu invitaci\u00f3n o detalle para eventos.","breadcrumb":{"@id":"https:\/\/www.todoinvitacion.com\/blog\/privacidad-de-tus-datos\/#breadcrumb"},"inLanguage":"es","potentialAction":[{"@type":"ReadAction","target":["https:\/\/www.todoinvitacion.com\/blog\/privacidad-de-tus-datos\/"]}]},{"@type":"BreadcrumbList","@id":"https:\/\/www.todoinvitacion.com\/blog\/privacidad-de-tus-datos\/#breadcrumb","itemListElement":[{"@type":"ListItem","position":1,"name":"Portada","item":"https:\/\/www.todoinvitacion.com\/blog\/"},{"@type":"ListItem","position":2,"name":"PRIVACIDAD DE TUS DATOS"}]},{"@type":"WebSite","@id":"https:\/\/www.todoinvitacion.com\/blog\/#website","url":"https:\/\/www.todoinvitacion.com\/blog\/","name":"invitaciones y detalles originales","description":"invitaciones y detalles originales y unicos","publisher":{"@id":"https:\/\/www.todoinvitacion.com\/blog\/#organization"},"potentialAction":[{"@type":"SearchAction","target":{"@type":"EntryPoint","urlTemplate":"https:\/\/www.todoinvitacion.com\/blog\/?s={search_term_string}"},"query-input":{"@type":"PropertyValueSpecification","valueRequired":true,"valueName":"search_term_string"}}],"inLanguage":"es"},{"@type":"Organization","@id":"https:\/\/www.todoinvitacion.com\/blog\/#organization","name":"todoinvitacion","url":"https:\/\/www.todoinvitacion.com\/blog\/","logo":{"@type":"ImageObject","inLanguage":"es","@id":"https:\/\/www.todoinvitacion.com\/blog\/#\/schema\/logo\/image\/","url":"https:\/\/www.todoinvitacion.com\/blog\/wp-content\/uploads\/2018\/11\/logo20.png","contentUrl":"https:\/\/www.todoinvitacion.com\/blog\/wp-content\/uploads\/2018\/11\/logo20.png","width":550,"height":126,"caption":"todoinvitacion"},"image":{"@id":"https:\/\/www.todoinvitacion.com\/blog\/#\/schema\/logo\/image\/"},"sameAs":["https:\/\/www.facebook.com\/todoinvitacion","https:\/\/x.com\/todoinvitacion","https:\/\/es.pinterest.com\/todoinvitacion\/"]}]}},"_links":{"self":[{"href":"https:\/\/www.todoinvitacion.com\/blog\/wp-json\/wp\/v2\/pages\/6970","targetHints":{"allow":["GET"]}}],"collection":[{"href":"https:\/\/www.todoinvitacion.com\/blog\/wp-json\/wp\/v2\/pages"}],"about":[{"href":"https:\/\/www.todoinvitacion.com\/blog\/wp-json\/wp\/v2\/types\/page"}],"author":[{"embeddable":true,"href":"https:\/\/www.todoinvitacion.com\/blog\/wp-json\/wp\/v2\/users\/17"}],"replies":[{"embeddable":true,"href":"https:\/\/www.todoinvitacion.com\/blog\/wp-json\/wp\/v2\/comments?post=6970"}],"version-history":[{"count":1,"href":"https:\/\/www.todoinvitacion.com\/blog\/wp-json\/wp\/v2\/pages\/6970\/revisions"}],"predecessor-version":[{"id":8169,"href":"https:\/\/www.todoinvitacion.com\/blog\/wp-json\/wp\/v2\/pages\/6970\/revisions\/8169"}],"wp:attachment":[{"href":"https:\/\/www.todoinvitacion.com\/blog\/wp-json\/wp\/v2\/media?parent=6970"}],"curies":[{"name":"wp","href":"https:\/\/api.w.org\/{rel}","templated":true}]}}