{"id":226,"date":"2011-05-09T18:11:17","date_gmt":"2011-05-09T18:11:17","guid":{"rendered":"http:\/\/www.invitapop.com\/blog\/?page_id=226"},"modified":"2020-01-10T16:19:29","modified_gmt":"2020-01-10T15:19:29","slug":"contacta-con-nosotros","status":"publish","type":"page","link":"https:\/\/www.todoinvitacion.com\/blog\/contacta-con-nosotros\/","title":{"rendered":"Contacta con nosotros"},"content":{"rendered":"<p>Ponte en contacto con nosotros:<\/p>\n<ul>\n<li>Puedes hacerlo <strong>por tel\u00e9fono: <\/strong><strong>658 795 467\u00a0<\/strong> \u00a0(de 10h &#8211; 14h)<\/li>\n<li>Puedes hacerlo <strong>por el formulario<\/strong> que ves a continuaci\u00f3n . Si deseas enviarnos alguna foto que quieras que veamos puedes hacerlo tambi\u00e9n desde aqu\u00ed. Te responderemos en 24h.<\/li>\n<li>Puedes consultar todo los productos que trabajamos, sus caracter\u00edsticas y precios en nuestra <a title=\"todoinvitacion\" href=\"https:\/\/www.todoinvitacion.com\" target=\"_blank\" rel=\"noopener noreferrer\">web: www.todoinvitacion.com<\/a><\/li>\n<\/ul>\n<p>Tu opini\u00f3n es importante para nosotros.<\/p>\n<p>Plant\u00e9anos cualquier duda que puedas tener y te contestaremos en 24h.<\/p>\n<p>&nbsp;<\/p>\n\n<div class=\"wpcf7 no-js\" id=\"wpcf7-f1428-o1\" lang=\"en-US\" dir=\"ltr\" data-wpcf7-id=\"1428\">\n<div class=\"screen-reader-response\"><p role=\"status\" aria-live=\"polite\" aria-atomic=\"true\"><\/p> <ul><\/ul><\/div>\n<form action=\"\/blog\/wp-json\/wp\/v2\/pages\/226#wpcf7-f1428-o1\" method=\"post\" class=\"wpcf7-form init\" aria-label=\"Contact form\" enctype=\"multipart\/form-data\" novalidate=\"novalidate\" data-status=\"init\">\n<fieldset class=\"hidden-fields-container\"><input type=\"hidden\" name=\"_wpcf7\" value=\"1428\" \/><input type=\"hidden\" name=\"_wpcf7_version\" value=\"6.1.5\" \/><input type=\"hidden\" name=\"_wpcf7_locale\" value=\"en_US\" \/><input type=\"hidden\" name=\"_wpcf7_unit_tag\" value=\"wpcf7-f1428-o1\" \/><input type=\"hidden\" name=\"_wpcf7_container_post\" value=\"0\" \/><input type=\"hidden\" name=\"_wpcf7_posted_data_hash\" value=\"\" \/>\n<\/fieldset>\n<p>Tu nombre (requerido)\n<\/p>\n<p><span class=\"wpcf7-form-control-wrap\" data-name=\"nombre\"><input size=\"40\" maxlength=\"400\" class=\"wpcf7-form-control wpcf7-text wpcf7-validates-as-required\" id=\"nombre\" aria-required=\"true\" aria-invalid=\"false\" placeholder=\"Aqu\u00ed tu nombre\" value=\"\" type=\"text\" name=\"nombre\" \/><\/span>\n<\/p>\n<p>Tu Email (requerido)\n<\/p>\n<p><span class=\"wpcf7-form-control-wrap\" data-name=\"email\"><input size=\"40\" maxlength=\"400\" class=\"wpcf7-form-control wpcf7-email wpcf7-validates-as-required wpcf7-text wpcf7-validates-as-email\" id=\"email\" aria-required=\"true\" aria-invalid=\"false\" placeholder=\"Aqu\u00ed tu email\" value=\"\" type=\"email\" name=\"email\" \/><\/span>\n<\/p>\n<p>Aqu\u00ed tu consulta (requerido)\n<\/p>\n<p><span class=\"wpcf7-form-control-wrap\" data-name=\"mensaje\"><textarea cols=\"40\" rows=\"10\" maxlength=\"2000\" class=\"wpcf7-form-control wpcf7-textarea wpcf7-validates-as-required\" id=\"mensaje\" aria-required=\"true\" aria-invalid=\"false\" placeholder=\"Aqu\u00ed tu mensaje\" name=\"mensaje\"><\/textarea><\/span>\n<\/p>\n<p>A\u00f1ade aqui tu foto\n<\/p>\n<p><span class=\"wpcf7-form-control-wrap\" data-name=\"archivo1\"><input size=\"40\" class=\"wpcf7-form-control wpcf7-file\" accept=\"audio\/*,video\/*,image\/*\" aria-invalid=\"false\" type=\"file\" name=\"archivo1\" \/><\/span>\n<\/p>\n<p>A\u00f1ade aqui tu foto\n<\/p>\n<p><span class=\"wpcf7-form-control-wrap\" data-name=\"archivo2\"><input size=\"40\" class=\"wpcf7-form-control wpcf7-file\" accept=\"audio\/*,video\/*,image\/*\" aria-invalid=\"false\" type=\"file\" name=\"archivo2\" \/><\/span>\n<\/p>\n<p><input type=\"hidden\" name=\"_wpcf7_captcha_challenge_captcha-753\" value=\"1021747596\" \/><img loading=\"lazy\" decoding=\"async\" class=\"wpcf7-form-control wpcf7-captchac wpcf7-captcha-captcha-753\" width=\"60\" height=\"20\" alt=\"captcha\" src=\"https:\/\/www.todoinvitacion.com\/blog\/wp-content\/uploads\/wpcf7_captcha\/1021747596.png\" \/><br \/>\n<span class=\"wpcf7-form-control-wrap\" data-name=\"captcha-753\"><input size=\"40\" class=\"wpcf7-form-control wpcf7-captchar\" autocomplete=\"off\" aria-invalid=\"false\" value=\"\" type=\"text\" name=\"captcha-753\" \/><\/span>\n<\/p>\n<p>Introduce aqu\u00ed el codigo que aparece arriba\n<\/p>\n<p><span class=\"wpcf7-form-control-wrap\" data-name=\"checkbox-839\"><span class=\"wpcf7-form-control wpcf7-checkbox wpcf7-validates-as-required\"><span class=\"wpcf7-list-item first last\"><input type=\"checkbox\" name=\"checkbox-839[]\" value=\"He le\u00eddo y acepto la pol\u00edtica de privacidad de datos\" \/><span class=\"wpcf7-list-item-label\">He le\u00eddo y acepto la pol\u00edtica de privacidad de datos<\/span><\/span><\/span><\/span>\n<\/p>\n<p>Encantados de atenderte\n<\/p>\n<p><input class=\"wpcf7-form-control wpcf7-submit has-spinner\" type=\"submit\" value=\"Enviar\" \/>\n<\/p><p style=\"display: none !important;\" class=\"akismet-fields-container\" data-prefix=\"_wpcf7_ak_\"><label>&#916;<textarea name=\"_wpcf7_ak_hp_textarea\" cols=\"45\" rows=\"8\" maxlength=\"100\"><\/textarea><\/label><input type=\"hidden\" id=\"ak_js_1\" name=\"_wpcf7_ak_js\" value=\"193\"\/><script type=\"text\/javascript\">\n\/* <![CDATA[ *\/\ndocument.getElementById( \"ak_js_1\" ).setAttribute( \"value\", ( new Date() ).getTime() );\n\/* ]]> *\/\n<\/script>\n<\/p><div class=\"wpcf7-response-output\" aria-hidden=\"true\"><\/div>\n<\/form>\n<\/div>\n\n<p>&nbsp;<\/p>\n<p>(los datos que introduzcas ser\u00e1n unicamente usados para responderte y borrados a continuaci\u00f3n, ni se guardan, ni se ceden) <a href=\"https:\/\/www.todoinvitacion.com\/blog\/privacidad-de-tus-datos\/\">+ info sobre privacidad de tus datos<\/a><\/p>\n","protected":false},"excerpt":{"rendered":"<p>Ponte en contacto con nosotros: Puedes hacerlo por tel\u00e9fono: 658 795 467\u00a0 \u00a0(de 10h &#8211; 14h) Puedes hacerlo por el formulario que ves a continuaci\u00f3n . Si deseas enviarnos alguna foto que quieras que veamos puedes hacerlo tambi\u00e9n desde aqu\u00ed. Te responderemos en 24h. Puedes consultar todo los productos que trabajamos, sus caracter\u00edsticas y precios &hellip; <a href=\"https:\/\/www.todoinvitacion.com\/blog\/contacta-con-nosotros\/\" class=\"more-link\">Continue reading <span class=\"screen-reader-text\">Contacta con nosotros<\/span><\/a><\/p>\n","protected":false},"author":17,"featured_media":6966,"parent":0,"menu_order":1,"comment_status":"closed","ping_status":"closed","template":"","meta":{"om_disable_all_campaigns":false,"_monsterinsights_skip_tracking":false,"_monsterinsights_sitenote_active":false,"_monsterinsights_sitenote_note":"","_monsterinsights_sitenote_category":0,"footnotes":""},"class_list":["post-226","page","type-page","status-publish","has-post-thumbnail","hentry"],"yoast_head":"<!-- This site is optimized with the Yoast SEO plugin v27.5 - https:\/\/yoast.com\/product\/yoast-seo-wordpress\/ -->\n<title>Contacta con nosotros - invitaciones y detalles originales<\/title>\n<meta name=\"description\" content=\"En invitaciones y detalles originales puedes informarte en nuestra p\u00e1gina Contacta con nosotros sobre todo lo que necesites saber para adquirir tu invitaci\u00f3n o detalle para eventos.\" \/>\n<meta name=\"robots\" content=\"noindex, follow\" \/>\n<meta property=\"og:locale\" content=\"es_ES\" \/>\n<meta property=\"og:type\" content=\"article\" \/>\n<meta property=\"og:title\" content=\"Contacta con nosotros - invitaciones y detalles originales\" \/>\n<meta property=\"og:description\" content=\"En invitaciones y detalles originales puedes informarte en nuestra p\u00e1gina Contacta con nosotros sobre todo lo que necesites saber para adquirir tu invitaci\u00f3n o detalle para eventos.\" \/>\n<meta property=\"og:url\" content=\"https:\/\/www.todoinvitacion.com\/blog\/contacta-con-nosotros\/\" \/>\n<meta property=\"og:site_name\" content=\"invitaciones y detalles originales\" \/>\n<meta property=\"article:publisher\" content=\"https:\/\/www.facebook.com\/todoinvitacion\" \/>\n<meta property=\"article:modified_time\" content=\"2020-01-10T15:19:29+00:00\" \/>\n<meta property=\"og:image\" content=\"https:\/\/www.todoinvitacion.com\/blog\/wp-content\/uploads\/2018\/10\/contacta.png\" \/>\n\t<meta property=\"og:image:width\" content=\"1920\" \/>\n\t<meta property=\"og:image:height\" content=\"1437\" \/>\n\t<meta property=\"og:image:type\" content=\"image\/png\" \/>\n<meta name=\"twitter:card\" content=\"summary_large_image\" \/>\n<meta name=\"twitter:site\" content=\"@todoinvitacion\" \/>\n<meta name=\"twitter:label1\" content=\"Tiempo de lectura\" \/>\n\t<meta name=\"twitter:data1\" content=\"1 minuto\" \/>\n<script type=\"application\/ld+json\" class=\"yoast-schema-graph\">{\"@context\":\"https:\\\/\\\/schema.org\",\"@graph\":[{\"@type\":\"WebPage\",\"@id\":\"https:\\\/\\\/www.todoinvitacion.com\\\/blog\\\/contacta-con-nosotros\\\/\",\"url\":\"https:\\\/\\\/www.todoinvitacion.com\\\/blog\\\/contacta-con-nosotros\\\/\",\"name\":\"Contacta con nosotros - invitaciones y detalles originales\",\"isPartOf\":{\"@id\":\"https:\\\/\\\/www.todoinvitacion.com\\\/blog\\\/#website\"},\"primaryImageOfPage\":{\"@id\":\"https:\\\/\\\/www.todoinvitacion.com\\\/blog\\\/contacta-con-nosotros\\\/#primaryimage\"},\"image\":{\"@id\":\"https:\\\/\\\/www.todoinvitacion.com\\\/blog\\\/contacta-con-nosotros\\\/#primaryimage\"},\"thumbnailUrl\":\"https:\\\/\\\/www.todoinvitacion.com\\\/blog\\\/wp-content\\\/uploads\\\/2018\\\/10\\\/contacta.png\",\"datePublished\":\"2011-05-09T18:11:17+00:00\",\"dateModified\":\"2020-01-10T15:19:29+00:00\",\"description\":\"En invitaciones y detalles originales puedes informarte en nuestra p\u00e1gina Contacta con nosotros sobre todo lo que necesites saber para adquirir tu invitaci\u00f3n o detalle para eventos.\",\"breadcrumb\":{\"@id\":\"https:\\\/\\\/www.todoinvitacion.com\\\/blog\\\/contacta-con-nosotros\\\/#breadcrumb\"},\"inLanguage\":\"es\",\"potentialAction\":[{\"@type\":\"ReadAction\",\"target\":[\"https:\\\/\\\/www.todoinvitacion.com\\\/blog\\\/contacta-con-nosotros\\\/\"]}]},{\"@type\":\"ImageObject\",\"inLanguage\":\"es\",\"@id\":\"https:\\\/\\\/www.todoinvitacion.com\\\/blog\\\/contacta-con-nosotros\\\/#primaryimage\",\"url\":\"https:\\\/\\\/www.todoinvitacion.com\\\/blog\\\/wp-content\\\/uploads\\\/2018\\\/10\\\/contacta.png\",\"contentUrl\":\"https:\\\/\\\/www.todoinvitacion.com\\\/blog\\\/wp-content\\\/uploads\\\/2018\\\/10\\\/contacta.png\",\"width\":1920,\"height\":1437},{\"@type\":\"BreadcrumbList\",\"@id\":\"https:\\\/\\\/www.todoinvitacion.com\\\/blog\\\/contacta-con-nosotros\\\/#breadcrumb\",\"itemListElement\":[{\"@type\":\"ListItem\",\"position\":1,\"name\":\"Portada\",\"item\":\"https:\\\/\\\/www.todoinvitacion.com\\\/blog\\\/\"},{\"@type\":\"ListItem\",\"position\":2,\"name\":\"Contacta con nosotros\"}]},{\"@type\":\"WebSite\",\"@id\":\"https:\\\/\\\/www.todoinvitacion.com\\\/blog\\\/#website\",\"url\":\"https:\\\/\\\/www.todoinvitacion.com\\\/blog\\\/\",\"name\":\"invitaciones y detalles originales\",\"description\":\"invitaciones y detalles originales y unicos\",\"publisher\":{\"@id\":\"https:\\\/\\\/www.todoinvitacion.com\\\/blog\\\/#organization\"},\"potentialAction\":[{\"@type\":\"SearchAction\",\"target\":{\"@type\":\"EntryPoint\",\"urlTemplate\":\"https:\\\/\\\/www.todoinvitacion.com\\\/blog\\\/?s={search_term_string}\"},\"query-input\":{\"@type\":\"PropertyValueSpecification\",\"valueRequired\":true,\"valueName\":\"search_term_string\"}}],\"inLanguage\":\"es\"},{\"@type\":\"Organization\",\"@id\":\"https:\\\/\\\/www.todoinvitacion.com\\\/blog\\\/#organization\",\"name\":\"todoinvitacion\",\"url\":\"https:\\\/\\\/www.todoinvitacion.com\\\/blog\\\/\",\"logo\":{\"@type\":\"ImageObject\",\"inLanguage\":\"es\",\"@id\":\"https:\\\/\\\/www.todoinvitacion.com\\\/blog\\\/#\\\/schema\\\/logo\\\/image\\\/\",\"url\":\"https:\\\/\\\/www.todoinvitacion.com\\\/blog\\\/wp-content\\\/uploads\\\/2018\\\/11\\\/logo20.png\",\"contentUrl\":\"https:\\\/\\\/www.todoinvitacion.com\\\/blog\\\/wp-content\\\/uploads\\\/2018\\\/11\\\/logo20.png\",\"width\":550,\"height\":126,\"caption\":\"todoinvitacion\"},\"image\":{\"@id\":\"https:\\\/\\\/www.todoinvitacion.com\\\/blog\\\/#\\\/schema\\\/logo\\\/image\\\/\"},\"sameAs\":[\"https:\\\/\\\/www.facebook.com\\\/todoinvitacion\",\"https:\\\/\\\/x.com\\\/todoinvitacion\",\"https:\\\/\\\/es.pinterest.com\\\/todoinvitacion\\\/\"]}]}<\/script>\n<!-- \/ Yoast SEO plugin. -->","yoast_head_json":{"title":"Contacta con nosotros - invitaciones y detalles originales","description":"En invitaciones y detalles originales puedes informarte en nuestra p\u00e1gina Contacta con nosotros sobre todo lo que necesites saber para adquirir tu invitaci\u00f3n o detalle para eventos.","robots":{"index":"noindex","follow":"follow"},"og_locale":"es_ES","og_type":"article","og_title":"Contacta con nosotros - invitaciones y detalles originales","og_description":"En invitaciones y detalles originales puedes informarte en nuestra p\u00e1gina Contacta con nosotros sobre todo lo que necesites saber para adquirir tu invitaci\u00f3n o detalle para eventos.","og_url":"https:\/\/www.todoinvitacion.com\/blog\/contacta-con-nosotros\/","og_site_name":"invitaciones y detalles originales","article_publisher":"https:\/\/www.facebook.com\/todoinvitacion","article_modified_time":"2020-01-10T15:19:29+00:00","og_image":[{"width":1920,"height":1437,"url":"https:\/\/www.todoinvitacion.com\/blog\/wp-content\/uploads\/2018\/10\/contacta.png","type":"image\/png"}],"twitter_card":"summary_large_image","twitter_site":"@todoinvitacion","twitter_misc":{"Tiempo de lectura":"1 minuto"},"schema":{"@context":"https:\/\/schema.org","@graph":[{"@type":"WebPage","@id":"https:\/\/www.todoinvitacion.com\/blog\/contacta-con-nosotros\/","url":"https:\/\/www.todoinvitacion.com\/blog\/contacta-con-nosotros\/","name":"Contacta con nosotros - invitaciones y detalles originales","isPartOf":{"@id":"https:\/\/www.todoinvitacion.com\/blog\/#website"},"primaryImageOfPage":{"@id":"https:\/\/www.todoinvitacion.com\/blog\/contacta-con-nosotros\/#primaryimage"},"image":{"@id":"https:\/\/www.todoinvitacion.com\/blog\/contacta-con-nosotros\/#primaryimage"},"thumbnailUrl":"https:\/\/www.todoinvitacion.com\/blog\/wp-content\/uploads\/2018\/10\/contacta.png","datePublished":"2011-05-09T18:11:17+00:00","dateModified":"2020-01-10T15:19:29+00:00","description":"En invitaciones y detalles originales puedes informarte en nuestra p\u00e1gina Contacta con nosotros sobre todo lo que necesites saber para adquirir tu invitaci\u00f3n o detalle para eventos.","breadcrumb":{"@id":"https:\/\/www.todoinvitacion.com\/blog\/contacta-con-nosotros\/#breadcrumb"},"inLanguage":"es","potentialAction":[{"@type":"ReadAction","target":["https:\/\/www.todoinvitacion.com\/blog\/contacta-con-nosotros\/"]}]},{"@type":"ImageObject","inLanguage":"es","@id":"https:\/\/www.todoinvitacion.com\/blog\/contacta-con-nosotros\/#primaryimage","url":"https:\/\/www.todoinvitacion.com\/blog\/wp-content\/uploads\/2018\/10\/contacta.png","contentUrl":"https:\/\/www.todoinvitacion.com\/blog\/wp-content\/uploads\/2018\/10\/contacta.png","width":1920,"height":1437},{"@type":"BreadcrumbList","@id":"https:\/\/www.todoinvitacion.com\/blog\/contacta-con-nosotros\/#breadcrumb","itemListElement":[{"@type":"ListItem","position":1,"name":"Portada","item":"https:\/\/www.todoinvitacion.com\/blog\/"},{"@type":"ListItem","position":2,"name":"Contacta con nosotros"}]},{"@type":"WebSite","@id":"https:\/\/www.todoinvitacion.com\/blog\/#website","url":"https:\/\/www.todoinvitacion.com\/blog\/","name":"invitaciones y detalles originales","description":"invitaciones y detalles originales y unicos","publisher":{"@id":"https:\/\/www.todoinvitacion.com\/blog\/#organization"},"potentialAction":[{"@type":"SearchAction","target":{"@type":"EntryPoint","urlTemplate":"https:\/\/www.todoinvitacion.com\/blog\/?s={search_term_string}"},"query-input":{"@type":"PropertyValueSpecification","valueRequired":true,"valueName":"search_term_string"}}],"inLanguage":"es"},{"@type":"Organization","@id":"https:\/\/www.todoinvitacion.com\/blog\/#organization","name":"todoinvitacion","url":"https:\/\/www.todoinvitacion.com\/blog\/","logo":{"@type":"ImageObject","inLanguage":"es","@id":"https:\/\/www.todoinvitacion.com\/blog\/#\/schema\/logo\/image\/","url":"https:\/\/www.todoinvitacion.com\/blog\/wp-content\/uploads\/2018\/11\/logo20.png","contentUrl":"https:\/\/www.todoinvitacion.com\/blog\/wp-content\/uploads\/2018\/11\/logo20.png","width":550,"height":126,"caption":"todoinvitacion"},"image":{"@id":"https:\/\/www.todoinvitacion.com\/blog\/#\/schema\/logo\/image\/"},"sameAs":["https:\/\/www.facebook.com\/todoinvitacion","https:\/\/x.com\/todoinvitacion","https:\/\/es.pinterest.com\/todoinvitacion\/"]}]}},"_links":{"self":[{"href":"https:\/\/www.todoinvitacion.com\/blog\/wp-json\/wp\/v2\/pages\/226","targetHints":{"allow":["GET"]}}],"collection":[{"href":"https:\/\/www.todoinvitacion.com\/blog\/wp-json\/wp\/v2\/pages"}],"about":[{"href":"https:\/\/www.todoinvitacion.com\/blog\/wp-json\/wp\/v2\/types\/page"}],"author":[{"embeddable":true,"href":"https:\/\/www.todoinvitacion.com\/blog\/wp-json\/wp\/v2\/users\/17"}],"replies":[{"embeddable":true,"href":"https:\/\/www.todoinvitacion.com\/blog\/wp-json\/wp\/v2\/comments?post=226"}],"version-history":[{"count":2,"href":"https:\/\/www.todoinvitacion.com\/blog\/wp-json\/wp\/v2\/pages\/226\/revisions"}],"predecessor-version":[{"id":8575,"href":"https:\/\/www.todoinvitacion.com\/blog\/wp-json\/wp\/v2\/pages\/226\/revisions\/8575"}],"wp:featuredmedia":[{"embeddable":true,"href":"https:\/\/www.todoinvitacion.com\/blog\/wp-json\/wp\/v2\/media\/6966"}],"wp:attachment":[{"href":"https:\/\/www.todoinvitacion.com\/blog\/wp-json\/wp\/v2\/media?parent=226"}],"curies":[{"name":"wp","href":"https:\/\/api.w.org\/{rel}","templated":true}]}}